{"id":1797,"date":"2011-07-14T19:45:29","date_gmt":"2011-07-14T19:45:29","guid":{"rendered":"http:\/\/cliniquedentairestleonard.ca\/newsite\/about\/"},"modified":"2019-07-31T22:55:13","modified_gmt":"2019-08-01T02:55:13","slug":"about-us","status":"publish","type":"page","link":"https:\/\/cliniquedentairestleonard.ca\/es\/acerca-de-nosotros\/","title":{"rendered":"Acerca De Nosotros"},"content":{"rendered":"<section class=\"kc-elm kc-css-430789 kc_row\"><div class=\"kc-row-container  kc-container\"><div class=\"kc-wrap-columns\"><div class=\"kc-elm kc-css-468262 kc_col-sm-5 kc_column kc_col-sm-5\"><div class=\"kc-col-container\"><div class=\"kc-elm kc-css-727730 kc_shortcode kc_single_image\">\n\n        <img decoding=\"async\" src=\"https:\/\/cliniquedentairestleonard.ca\/wp-content\/uploads\/2018\/10\/Depositphotos_4850440_original.jpg\" class=\"\" alt=\"\" \/>    <\/div>\n<\/div><\/div><div class=\"kc-elm kc-css-466314 kc_col-sm-7 kc_column kc_col-sm-7\"><div class=\"kc-col-container\"><div class=\"kc-elm kc-css-931946 kc_text_block\"><p>Fundada por el Dr. Franco Mignacca, DDS, Clinique Dentaire Saint-L\u00e9onard ha venido ofreciendo tratamiento estomatol\u00f3gico integral desde 1995 en un entorno acogedor, profesional y atento.<\/p>\n<p>Desde las m\u00e1s sencillas intervenciones cosm\u00e9ticas hasta tratamientos complejos como la sustituci\u00f3n de dientes, el grupo profesional de CDSL cuenta con la experiencia, los conocimientos y la tecnolog\u00eda dental necesarios para atender a la salud dental y las necesidades est\u00e9ticas de los pacientes. Entre otras intervenciones, est\u00e1n el blanqueo de dientes, las coronas e implantes, los puentes, las pr\u00f3tesis, el tratamiento de las enc\u00edas, las extracciones y los tratamientos de endodoncia. Nuestro <a href=\"equipo-dental\">equipo<\/a> de dentistas, t\u00e9cnicos en higiene dental, asistentes, coordinadores de pacientes y nuestro propio especialista en pr\u00f3tesis se mantiene al d\u00eda de las \u00faltimas pr\u00e1cticas y avances tecnol\u00f3gicos de la odontolog\u00eda, mediante el desarrollo profesional permanente en la propia cl\u00ednica y en otros centros. Nuestra reputaci\u00f3n de excelencia est\u00e1 avalada por la lealtad de nuestros pacientes.<\/p>\n<p>El equipamiento ultramoderno de nuestra cl\u00ednica y los m\u00e9todos m\u00e1s avanzados y seguros de esterilizaci\u00f3n garantizan el diagn\u00f3stico preciso, la mayor seguridad, el tratamiento m\u00e1s r\u00e1pido y los resultados m\u00e1s duraderos. S\u00f3lo utilizamos productos de las mejores marcas en todas las intervenciones dentales y est\u00e9ticas.<\/p>\n<p>Muchas personas se abstienen de acudir al dentista por el temor de que \"me va a doler\". Nuestra m\u00e1xima prioridad consiste en ofrecer a los pacientes una experiencia agradable y libre de angustia. Nuestro m\u00e9todo de inyecci\u00f3n DentalVibe\u00ae, que evita el dolor, es un instrumento patentado que est\u00e1 concebido para bloquear el dolor de las inyecciones intraorales.<\/p>\n<p>La buena higiene dental comienza a una edad temprana y se mantiene durante toda la vida. Los profesionales de CDSL se sienten muy a gusto al atender a pacientes de todas las edades. Nuestro extenso horario de atenci\u00f3n facilita una consulta r\u00e1pida.<\/p>\n<\/div><\/div><\/div><\/div><\/div><\/section>","protected":false},"excerpt":{"rendered":"","protected":false},"author":1,"featured_media":0,"parent":0,"menu_order":1,"comment_status":"open","ping_status":"open","template":"page-fullwidth.php","meta":{"footnotes":""},"class_list":["post-1797","page","type-page","status-publish","hentry"],"aioseo_notices":[],"_links":{"self":[{"href":"https:\/\/cliniquedentairestleonard.ca\/es\/wp-json\/wp\/v2\/pages\/1797","targetHints":{"allow":["GET"]}}],"collection":[{"href":"https:\/\/cliniquedentairestleonard.ca\/es\/wp-json\/wp\/v2\/pages"}],"about":[{"href":"https:\/\/cliniquedentairestleonard.ca\/es\/wp-json\/wp\/v2\/types\/page"}],"author":[{"embeddable":true,"href":"https:\/\/cliniquedentairestleonard.ca\/es\/wp-json\/wp\/v2\/users\/1"}],"replies":[{"embeddable":true,"href":"https:\/\/cliniquedentairestleonard.ca\/es\/wp-json\/wp\/v2\/comments?post=1797"}],"version-history":[{"count":10,"href":"https:\/\/cliniquedentairestleonard.ca\/es\/wp-json\/wp\/v2\/pages\/1797\/revisions"}],"predecessor-version":[{"id":2199,"href":"https:\/\/cliniquedentairestleonard.ca\/es\/wp-json\/wp\/v2\/pages\/1797\/revisions\/2199"}],"wp:attachment":[{"href":"https:\/\/cliniquedentairestleonard.ca\/es\/wp-json\/wp\/v2\/media?parent=1797"}],"curies":[{"name":"wp","href":"https:\/\/api.w.org\/{rel}","templated":true}]}}