{"id":203,"date":"2011-09-14T09:45:02","date_gmt":"2011-09-14T09:45:02","guid":{"rendered":"http:\/\/cliniquedentairestleonard.ca\/newsite\/"},"modified":"2026-04-08T10:22:16","modified_gmt":"2026-04-08T14:22:16","slug":"home","status":"publish","type":"page","link":"https:\/\/cliniquedentairestleonard.ca\/es\/","title":{"rendered":"Casa"},"content":{"rendered":"<section class=\"kc-elm kc-css-325517 kc_row\"><div class=\"kc-row-container  kc-container\"><div class=\"kc-wrap-columns\"><div class=\"kc-elm kc-css-961321 kc_col-sm-12 kc_column kc_col-sm-12\"><div class=\"kc-col-container\"><div class=\"kc-elm kc-css-634203 kc_text_block\"><h1 style=\"text-align: center;\">Bienvenidos a Clinique Dentaire Saint-L\u00e9onard<\/h1>\n<p style=\"text-align: center;\">\u00a1Tras toda sonrisa feliz hay una sonrisa sana! En Clinique Dentaire Saint-L\u00e9onard (CDSL) creemos que una excelente salud bucal es la base de la buena salud y el bienestar en general. Las visitas peri\u00f3dicas al dentista ayudan a reducir el riesgo de numerosos problemas, evitando futuros dolores innecesarios y gastos en tratamientos m\u00e1s costosos.<\/p>\n<p style=\"text-align: center;\">Cuando aparezcan trastornos dentales, podr\u00e1 contar con CDSL para prestarle la atenci\u00f3n odontol\u00f3gica que necesita para recuperar la salud de las enc\u00edas y el brillo de su sonrisa. Nuestra estrategia de rehabilitaci\u00f3n integral se centra en toda la boca y no en el tratamiento de un problema aislado. Nuestra utilizaci\u00f3n de las \u00faltimas tecnolog\u00edas garantiza los resultados y la satisfacci\u00f3n del paciente. Esto significa un tratamiento m\u00e1s eficaz y menos costoso a largo plazo.<\/p>\n<p style=\"text-align: center;\">Ya sea que est\u00e9 buscando un odont\u00f3logo profesional de confianza para sus necesidades peri\u00f3dicas de atenci\u00f3n bucal, o que necesite una intervenci\u00f3n dental inmediata, el equipo profesional de CDSL le garantiza que usted recibir\u00e1 el tratamiento odontol\u00f3gico adecuado. Nuestro atento personal profesional y nuestro entorno acogedor eliminan la ansiedad de acudir al dentista.<\/p>\n<\/div><\/div><\/div><\/div><\/div><\/section><section class=\"kc-elm kc-css-813133 kc_row\"><div class=\"kc-row-container  kc-container\"><div class=\"kc-wrap-columns\"><div class=\"kc-elm kc-css-415861 kc_col-sm-6 kc_column kc_col-sm-6\"><div class=\"kc-col-container\"><div class=\"kc-elm kc-css-660516 kc_text_block\"><h2 style=\"text-align: center;\">Misi\u00f3n<\/h2>\n<div class=\"service-box_txt\" style=\"outline: 0px; max-width: 100%; line-height: normal; font-family: -apple-system, BlinkMacSystemFont, 'Segoe UI', Roboto, Oxygen-Sans, Ubuntu, Cantarell, 'Helvetica Neue', sans-serif; font-size: 14px;\">\n<p style=\"font-size: 14px; line-height: normal; margin: 1em 0px; max-width: 100%; text-align: center;\">Nuestra misi\u00f3n consiste en ofrecer a los pacientes la atenci\u00f3n dental que requieran, y trabajar junto con ustedes para garantizar que sus dientes y enc\u00edas se mantengan sanos y atractivos. En su condici\u00f3n de paciente, recibir\u00e1 toda la informaci\u00f3n que necesite para tomar decisiones fundamentadas sobre las opciones disponibles de tratamiento dental.<\/p>\n<\/div>\n<\/div><\/div><\/div><div class=\"kc-elm kc-css-558725 kc_col-sm-6 kc_column kc_col-sm-6\"><div class=\"kc-col-container\"><div class=\"kc-elm kc-css-529792 kc_text_block\"><h2 class=\"title\" style=\"text-align: center;\">DentoPlan<\/h2>\n<div class=\"service-box_txt\" style=\"outline: 0px; max-width: 100%; line-height: normal; font-family: -apple-system, BlinkMacSystemFont, 'Segoe UI', Roboto, Oxygen-Sans, Ubuntu, Cantarell, 'Helvetica Neue', sans-serif; font-size: 14px;\">\n<p style=\"font-size: 14px; line-height: normal; margin: 1em 0px; max-width: 100%; text-align: center;\">Algunas intervenciones dentales pueden ser costosas, pero no se pueden postergar sin exponerse a consecuencias realmente graves. Clinique Dentaire Saint-L\u00e9onard le ayudar\u00e1 a aliviar la presi\u00f3n econ\u00f3mica mediante un plan de financiaci\u00f3n que le resulte conveniente. Pulse\u00a0<a style=\"transition-property: border, background, color; transition-duration: 0.05s; transition-timing-function: ease-in-out; color: #0073aa; outline: 0px; max-width: 100%; line-height: normal;\" href=\"http:\/\/cliniquedentairestleonard.ca\/newsite\/wp-admin\/post.php?post=203&amp;action=edit#\">aqu\u00ed<\/a>\u00a0para obtener m\u00e1s informaci\u00f3n.<\/p>\n<\/div>\n<\/div><\/div><\/div><\/div><\/div><\/section><section class=\"kc-elm kc-css-222150 kc_row\"><div class=\"kc-row-container  kc-container\"><div class=\"kc-wrap-columns\"><div class=\"kc-elm kc-css-648361 kc_col-sm-12 kc_column kc_col-sm-12\"><div class=\"kc-col-container\"><div class=\"kc-elm kc-css-70491 kc_text_block\"><h2 style=\"text-align: center;\">Nuestros dentistas<\/h2>\n<\/div><\/div><\/div><\/div><\/div><\/section><section class=\"kc-elm kc-css-785985 kc_row\"><div class=\"kc-row-container  kc-container\"><div class=\"kc-wrap-columns\"><div class=\"kc-elm kc-css-808805 kc_col-sm-6 kc_column kc_col-sm-6\"><div class=\"kc-col-container\"><div class=\"kc-elm kc-css-810265 kc_shortcode kc_single_image\">\n\n        <img decoding=\"async\" src=\"https:\/\/cliniquedentairestleonard.ca\/wp-content\/uploads\/2019\/07\/dr-franco-mignacca-dds.jpg\" class=\"\" alt=\"\" \/>    <\/div>\n<div class=\"kc-elm kc-css-999007 kc_text_block\"><h5 style=\"text-align: center;\">Dr Franco Mignacca DDS<\/h5>\n<\/div><\/div><\/div><div class=\"kc-elm kc-css-111548 kc_col-sm-6 kc_column kc_col-sm-6\"><div class=\"kc-col-container\"><div class=\"kc-elm kc-css-2378 kc_shortcode kc_single_image\">\n\n        <img decoding=\"async\" src=\"https:\/\/cliniquedentairestleonard.ca\/wp-content\/uploads\/2019\/07\/Nazo_0054.jpg\" class=\"\" alt=\"\" \/>    <\/div>\n<div class=\"kc-elm kc-css-762019 kc_text_block\"><h5 style=\"text-align: center;\">Dr Joseph Scalia \u2013 DMD<\/h5>\n<\/div><\/div><\/div><\/div><\/div><\/section>","protected":false},"excerpt":{"rendered":"","protected":false},"author":1,"featured_media":0,"parent":0,"menu_order":0,"comment_status":"open","ping_status":"closed","template":"","meta":{"footnotes":""},"class_list":["post-203","page","type-page","status-publish","hentry"],"aioseo_notices":[],"_links":{"self":[{"href":"https:\/\/cliniquedentairestleonard.ca\/es\/wp-json\/wp\/v2\/pages\/203","targetHints":{"allow":["GET"]}}],"collection":[{"href":"https:\/\/cliniquedentairestleonard.ca\/es\/wp-json\/wp\/v2\/pages"}],"about":[{"href":"https:\/\/cliniquedentairestleonard.ca\/es\/wp-json\/wp\/v2\/types\/page"}],"author":[{"embeddable":true,"href":"https:\/\/cliniquedentairestleonard.ca\/es\/wp-json\/wp\/v2\/users\/1"}],"replies":[{"embeddable":true,"href":"https:\/\/cliniquedentairestleonard.ca\/es\/wp-json\/wp\/v2\/comments?post=203"}],"version-history":[{"count":44,"href":"https:\/\/cliniquedentairestleonard.ca\/es\/wp-json\/wp\/v2\/pages\/203\/revisions"}],"predecessor-version":[{"id":21057,"href":"https:\/\/cliniquedentairestleonard.ca\/es\/wp-json\/wp\/v2\/pages\/203\/revisions\/21057"}],"wp:attachment":[{"href":"https:\/\/cliniquedentairestleonard.ca\/es\/wp-json\/wp\/v2\/media?parent=203"}],"curies":[{"name":"wp","href":"https:\/\/api.w.org\/{rel}","templated":true}]}}