{"id":2047,"date":"2019-07-21T09:24:19","date_gmt":"2019-07-21T13:24:19","guid":{"rendered":"http:\/\/cliniquedentairestleonard.ca\/newsite\/?page_id=2047"},"modified":"2019-07-31T22:27:17","modified_gmt":"2019-08-01T02:27:17","slug":"technologies","status":"publish","type":"page","link":"https:\/\/cliniquedentairestleonard.ca\/es\/tecnologias\/","title":{"rendered":"Tecnolog\u00ecas"},"content":{"rendered":"<section class=\"kc-elm kc-css-230302 kc_row\"><div class=\"kc-row-container  kc-container\"><div class=\"kc-wrap-columns\"><div class=\"kc-elm kc-css-35666 kc_col-sm-5 kc_column kc_col-sm-5\"><div class=\"kc-col-container\"><div class=\"kc-elm kc-css-780313 kc_shortcode kc_single_image\">\n\n        <img decoding=\"async\" src=\"https:\/\/cliniquedentairestleonard.ca\/wp-content\/uploads\/2018\/10\/Depositphotos_4850440_original.jpg\" class=\"\" alt=\"\" \/>    <\/div>\n<\/div><\/div><div class=\"kc-elm kc-css-999002 kc_col-sm-7 kc_column kc_col-sm-7\"><div class=\"kc-col-container\"><div class=\"kc-elm kc-css-791996 kc_text_block\"><p>En CDSL usamos las tecnolog\u00edas y procedimientos m\u00e1s modernos, para garantizar la comodidad, seguridad y satisfacci\u00f3n de nuestros pacientes. Nuestros objetivos consisten en mejorar el diagn\u00f3stico, reducir la duraci\u00f3n de los tratamientos y garantizar los mejores resultados est\u00e9ticos y m\u00e9dicos.<\/p>\n<p><strong><a href=\"http:\/\/www.biolase.com\/Pages\/Welcome.html\" target=\"_blank\" rel=\"noopener\">BIOLASE\u2122<\/a><\/strong>\u00a0es un instrumento de tecnolog\u00eda l\u00e1ser, con marca registrada, que se utiliza para intervenciones dentales de los tejidos blandos, reconfigurar el contorno gingival, la frenectom\u00eda (extracci\u00f3n de tejidos orales sobrantes), biopsias e implantes dentales. Esta tecnolog\u00eda l\u00e1ser elimina la necesidad de anest\u00e9sicos previos a las intervenciones dentales y abrevia el tiempo de tratamiento y curaci\u00f3n, al mismo tiempo que es m\u00e1s segura, m\u00e1s precisa y menos invasiva.<\/p>\n<p>Los\u00a0<strong><a href=\"http:\/\/www.lumineers.com\/\" target=\"_blank\" rel=\"noopener\">LUMINEERS\u00ae<\/a>\u00a0<\/strong>son recubrimientos ultrafinos que se aplican sin fisuras sobre los dientes existentes, en tan s\u00f3lo dos c\u00f3modas visitas al dentista.En contraste con los recubrimientos tradicionales, los Lumineers son tan finos que con frecuencia es innecesario achicar los dientes. Por lo general no hace falta fresar ni anestesiar el diente \u2013 lo que significa que virtualmente no doler\u00e1 \u2013 ni tampoco se necesitan los antiest\u00e9ticos elementos provisionales de acr\u00edlico. Los Lumineers son muy resistentes y pueden durar hasta 20 a\u00f1os.<\/p>\n<p><strong><a href=\"http:\/\/www.cereconline.com\/\" target=\"_blank\" rel=\"noopener\">CEREC \u2013 3D<\/a><\/strong><br \/>\nCEREC (sigla de\u00a0<em>Chairside Economical Restoration of Esthetic Ceramics<\/em>) permite el tratamiento de restauraci\u00f3n dental en una sola sesi\u00f3n. Concebida en Alemania, esta t\u00e9cnica emplea distintas tecnolog\u00edas asistidas por computadoras, entre ellas la fotograf\u00eda en 3D y el CAD\/CAM, para preparar coronas, carillas, injertos y empastes, empleando diversos tipos de materiales cer\u00e1micos. Consulte a nuestro personal para decidir si esta opci\u00f3n de tratamiento es adecuada para usted.<\/p>\n<p><strong>RADIOGRAF\u00cdA DIGITAL SCAN-X<\/strong><br \/>\nEsta tecnolog\u00eda de \u00faltima generaci\u00f3n es un m\u00e9todo r\u00e1pido y eficiente para hacer radiograf\u00edas, que reduce la exposici\u00f3n a la radiaci\u00f3n. Las placas de imagen son finas, flexibles e inal\u00e1mbricas, con lo que se garantiza la comodidad de los pacientes, ya sean ni\u00f1os, adultos o personas muy mayores.<\/p>\n<p><strong>SISTEMA DENTALVIBE\u00ae PARA INYECCIONES INDOLORAS<\/strong><br \/>\n\u00a1Las inyecciones no tienen por qu\u00e9 doler! El sistema DentalVibe<strong>\u00ae\u00a0<\/strong>se basa en un sencillo dispositivo que produce vibraciones suavesal aplicarse sobre el tejido oral, lo que bloquea el dolor de las inyecciones intraorales.<\/p>\n<p><strong>MATRIZ\u00a0<a href=\"http:\/\/www.lifecellcorp.ca\/\" target=\"_blank\" rel=\"noopener\">ALLODERM\u00ae<\/a>\u00a0PARA LA REGENERACI\u00d3N DE TEJIDOS (RTM)<\/strong><br \/>\nLa RTM AlloDerm\u00ae promueve la regeneraci\u00f3n de tejidos para permitir una reparaci\u00f3n fuerte y natural. Entre sus aplicaciones est\u00e1n la cobertura de ra\u00edces, el aumento de los bordes gingivales y de tejidos blandos, as\u00ed como el aumento del tejido blando alrededor de los implantes. AlloDerm\u00ae restaura su sonrisa sin afectar el tejido del paladar.<\/p>\n<p><strong><a href=\"http:\/\/www.leddental.com\/\" target=\"_blank\" rel=\"noopener\">VELSCOPE<\/a><\/strong>\u00a0(visor realzado de lesiones)<br \/>\nEl Velscope es un instrumento de detecci\u00f3n temprana que utiliza tecnolog\u00eda fluorescente para buscar anomal\u00edas y enfermedades bucales en el examen de salud oral. El procedimiento es sencillo, indoloro y r\u00e1pido \u2013 s\u00f3lo ocupa unos minutos y podr\u00eda salvarle la vida.<\/p>\n<\/div><\/div><\/div><\/div><\/div><\/section>","protected":false},"excerpt":{"rendered":"","protected":false},"author":1,"featured_media":0,"parent":0,"menu_order":0,"comment_status":"closed","ping_status":"closed","template":"page-fullwidth.php","meta":{"footnotes":""},"class_list":["post-2047","page","type-page","status-publish","hentry"],"aioseo_notices":[],"_links":{"self":[{"href":"https:\/\/cliniquedentairestleonard.ca\/es\/wp-json\/wp\/v2\/pages\/2047","targetHints":{"allow":["GET"]}}],"collection":[{"href":"https:\/\/cliniquedentairestleonard.ca\/es\/wp-json\/wp\/v2\/pages"}],"about":[{"href":"https:\/\/cliniquedentairestleonard.ca\/es\/wp-json\/wp\/v2\/types\/page"}],"author":[{"embeddable":true,"href":"https:\/\/cliniquedentairestleonard.ca\/es\/wp-json\/wp\/v2\/users\/1"}],"replies":[{"embeddable":true,"href":"https:\/\/cliniquedentairestleonard.ca\/es\/wp-json\/wp\/v2\/comments?post=2047"}],"version-history":[{"count":9,"href":"https:\/\/cliniquedentairestleonard.ca\/es\/wp-json\/wp\/v2\/pages\/2047\/revisions"}],"predecessor-version":[{"id":2189,"href":"https:\/\/cliniquedentairestleonard.ca\/es\/wp-json\/wp\/v2\/pages\/2047\/revisions\/2189"}],"wp:attachment":[{"href":"https:\/\/cliniquedentairestleonard.ca\/es\/wp-json\/wp\/v2\/media?parent=2047"}],"curies":[{"name":"wp","href":"https:\/\/api.w.org\/{rel}","templated":true}]}}