{"id":203,"date":"2011-09-14T09:45:02","date_gmt":"2011-09-14T09:45:02","guid":{"rendered":"http:\/\/cliniquedentairestleonard.ca\/newsite\/"},"modified":"2026-04-08T10:22:16","modified_gmt":"2026-04-08T14:22:16","slug":"home","status":"publish","type":"page","link":"https:\/\/cliniquedentairestleonard.ca\/fr\/","title":{"rendered":"Accueil"},"content":{"rendered":"<section class=\"kc-elm kc-css-650295 kc_row\"><div class=\"kc-row-container  kc-container\"><div class=\"kc-wrap-columns\"><div class=\"kc-elm kc-css-511376 kc_col-sm-12 kc_column kc_col-sm-12\"><div class=\"kc-col-container\"><div class=\"kc-elm kc-css-563723 kc_text_block\"><h1 style=\"text-align: center;\">Bienvenue \u00e0 la Clinique Dentaire Saint-L\u00e9onard<\/h1>\n<p style=\"text-align: center;\">Un sourire heureux est un sourire en sant\u00e9! \u00c0 la Clinique Dentaire Saint-L\u00e9onard (CDSL), nous croyons qu&#039;une excellente sant\u00e9 bucco-dentaire est la base de la sant\u00e9 et du bien-\u00eatre g\u00e9n\u00e9raux. En vous rendant r\u00e9guli\u00e8rement chez le dentiste, vous r\u00e9duisez les risques de complication et \u00e9vitez ainsi des douleurs inutiles et de futurs traitements dentaires co\u00fbteux.<\/p>\n<p style=\"text-align: center;\">Quand vous avez des probl\u00e8mes dentaires, vous pouvez compter sur les soins dentaires de la CDSL pour retrouver la sant\u00e9 de vos gencives et la lumi\u00e8re de votre sourire. Notre approche de r\u00e9habilitation compl\u00e8te de la bouche s&#039;occupe de la bouche tout enti\u00e8re plut\u00f4t que de traiter un probl\u00e8me isol\u00e9. Nous utilisons les derni\u00e8res technologies pour des r\u00e9sultats garantis et la satisfaction des patients, qui recevront un traitement efficace et moins co\u00fbteux \u00e0 long terme.<\/p>\n<p style=\"text-align: center;\">Que vous recherchiez un professionnel de la sant\u00e9 dentaire fiable pour vos besoins dentaires ordinaires ou pour un traitement dentaire urgent, l&#039;\u00e9quipe de la CDSL s&#039;assure que vous receviez les soins appropri\u00e9s. Avec notre \u00e9quipe attentionn\u00e9e et notre milieu accueillant, vous n&#039;aurez plus peur du dentiste!<\/p>\n<\/div><\/div><\/div><\/div><\/div><\/section><section class=\"kc-elm kc-css-14883 kc_row\"><div class=\"kc-row-container  kc-container\"><div class=\"kc-wrap-columns\"><div class=\"kc-elm kc-css-424981 kc_col-sm-6 kc_column kc_col-sm-6\"><div class=\"kc-col-container\"><div class=\"kc-elm kc-css-467302 kc_text_block\"><h2 style=\"text-align: center;\">Mission<\/h2>\n<div class=\"service-box_txt\" style=\"outline: 0px; max-width: 100%; line-height: normal; font-family: -apple-system, BlinkMacSystemFont, &#039;Segoe UI&#039;, Roboto, Oxygen-Sans, Ubuntu, Cantarell, &#039;Helvetica Neue&#039;, sans-serif; font-size: 14px;\">\n<p style=\"font-size: 14px; line-height: normal; margin: 1em 0px; max-width: 100%; text-align: center;\">Notre mission est de vous offrir les soins dentaires qu&#039;il vous faut et de travailler avec vous pour que vos dents et vos gencives demeurent saines et belles. En devenant notre patient, vous recevrez toute l&#039;information n\u00e9cessaire pour peser le pour et le contre des possibilit\u00e9s de traitement dentaire.<\/p>\n<\/div>\n<\/div><\/div><\/div><div class=\"kc-elm kc-css-486934 kc_col-sm-6 kc_column kc_col-sm-6\"><div class=\"kc-col-container\"><div class=\"kc-elm kc-css-186248 kc_text_block\"><h2 class=\"title\" style=\"text-align: center;\">DentoPlan<\/h2>\n<div class=\"service-box_txt\" style=\"outline: 0px; max-width: 100%; line-height: normal; font-family: -apple-system, BlinkMacSystemFont, &#039;Segoe UI&#039;, Roboto, Oxygen-Sans, Ubuntu, Cantarell, &#039;Helvetica Neue&#039;, sans-serif; font-size: 14px;\">\n<p style=\"font-size: 14px; line-height: normal; margin: 1em 0px; max-width: 100%; text-align: center;\">Certains traitements dentaires co\u00fbteux ne peuvent \u00eatre report\u00e9s sans cons\u00e9quences graves sur la sant\u00e9. Clinique Dentaire Saint-L\u00e9onard peut vous aider \u00e0 all\u00e9ger le fardeau financier en \u00e9laborant un plan de paiement qui vous convient. Cliquez\u00a0<a href=\"http:\/\/www.dentoplan.ca\/\" target=\"_blank\" rel=\"noopener\">ici<\/a>\u00a0pour plus de d\u00e9tails.<\/p>\n<\/div>\n<\/div><\/div><\/div><\/div><\/div><\/section><section class=\"kc-elm kc-css-913309 kc_row\"><div class=\"kc-row-container  kc-container\"><div class=\"kc-wrap-columns\"><div class=\"kc-elm kc-css-980098 kc_col-sm-12 kc_column kc_col-sm-12\"><div class=\"kc-col-container\"><div class=\"kc-elm kc-css-975105 kc_text_block\"><h2 style=\"text-align: center;\">Nos Dentistes<\/h2>\n<\/div><\/div><\/div><\/div><\/div><\/section><section class=\"kc-elm kc-css-495853 kc_row\"><div class=\"kc-row-container  kc-container\"><div class=\"kc-wrap-columns\"><div class=\"kc-elm kc-css-367343 kc_col-sm-6 kc_column kc_col-sm-6\"><div class=\"kc-col-container\"><div class=\"kc-elm kc-css-933965 kc_shortcode kc_single_image\">\n\n        <img decoding=\"async\" src=\"https:\/\/cliniquedentairestleonard.ca\/wp-content\/uploads\/2019\/07\/dr-franco-mignacca-dds.jpg\" class=\"\" alt=\"\" \/>    <\/div>\n<div class=\"kc-elm kc-css-60822 kc_text_block\"><h5 style=\"text-align: center;\">Dr Franco Mignacca DDS<\/h5>\n<\/div><\/div><\/div><div class=\"kc-elm kc-css-659231 kc_col-sm-6 kc_column kc_col-sm-6\"><div class=\"kc-col-container\"><div class=\"kc-elm kc-css-202098 kc_shortcode kc_single_image\">\n\n        <img decoding=\"async\" src=\"https:\/\/cliniquedentairestleonard.ca\/wp-content\/uploads\/2019\/07\/Nazo_0054.jpg\" class=\"\" alt=\"\" \/>    <\/div>\n<div class=\"kc-elm kc-css-676763 kc_text_block\"><h5 style=\"text-align: center;\">Dr Joseph Scalia \u2013 DMD<\/h5>\n<\/div><\/div><\/div><\/div><\/div><\/section>","protected":false},"excerpt":{"rendered":"","protected":false},"author":1,"featured_media":0,"parent":0,"menu_order":0,"comment_status":"open","ping_status":"closed","template":"","meta":{"footnotes":""},"class_list":["post-203","page","type-page","status-publish","hentry"],"aioseo_notices":[],"_links":{"self":[{"href":"https:\/\/cliniquedentairestleonard.ca\/fr\/wp-json\/wp\/v2\/pages\/203","targetHints":{"allow":["GET"]}}],"collection":[{"href":"https:\/\/cliniquedentairestleonard.ca\/fr\/wp-json\/wp\/v2\/pages"}],"about":[{"href":"https:\/\/cliniquedentairestleonard.ca\/fr\/wp-json\/wp\/v2\/types\/page"}],"author":[{"embeddable":true,"href":"https:\/\/cliniquedentairestleonard.ca\/fr\/wp-json\/wp\/v2\/users\/1"}],"replies":[{"embeddable":true,"href":"https:\/\/cliniquedentairestleonard.ca\/fr\/wp-json\/wp\/v2\/comments?post=203"}],"version-history":[{"count":44,"href":"https:\/\/cliniquedentairestleonard.ca\/fr\/wp-json\/wp\/v2\/pages\/203\/revisions"}],"predecessor-version":[{"id":21057,"href":"https:\/\/cliniquedentairestleonard.ca\/fr\/wp-json\/wp\/v2\/pages\/203\/revisions\/21057"}],"wp:attachment":[{"href":"https:\/\/cliniquedentairestleonard.ca\/fr\/wp-json\/wp\/v2\/media?parent=203"}],"curies":[{"name":"wp","href":"https:\/\/api.w.org\/{rel}","templated":true}]}}