{"id":2047,"date":"2019-07-21T09:24:19","date_gmt":"2019-07-21T13:24:19","guid":{"rendered":"http:\/\/cliniquedentairestleonard.ca\/newsite\/?page_id=2047"},"modified":"2019-07-31T22:27:17","modified_gmt":"2019-08-01T02:27:17","slug":"technologies","status":"publish","type":"page","link":"https:\/\/cliniquedentairestleonard.ca\/fr\/technologies\/","title":{"rendered":"Technologies"},"content":{"rendered":"<section class=\"kc-elm kc-css-201790 kc_row\"><div class=\"kc-row-container  kc-container\"><div class=\"kc-wrap-columns\"><div class=\"kc-elm kc-css-984862 kc_col-sm-5 kc_column kc_col-sm-5\"><div class=\"kc-col-container\"><div class=\"kc-elm kc-css-191266 kc_shortcode kc_single_image\">\n\n        <img decoding=\"async\" src=\"https:\/\/cliniquedentairestleonard.ca\/wp-content\/uploads\/2018\/10\/Depositphotos_4850440_original.jpg\" class=\"\" alt=\"\" \/>    <\/div>\n<\/div><\/div><div class=\"kc-elm kc-css-321158 kc_col-sm-7 kc_column kc_col-sm-7\"><div class=\"kc-col-container\"><div class=\"kc-elm kc-css-952398 kc_text_block\"><p>\u00c0 la CDSL, nous utilisons les technologies et pratiques dernier cri pour le confort, la s\u00e9curit\u00e9 et la satisfaction de nos patients. Nos visons toujours \u00e0 am\u00e9liorer les diagnostics, raccourcir les d\u00e9lais de traitement et assurer les meilleurs r\u00e9sultats esth\u00e9tiques et m\u00e9dicaux possibles.<\/p>\n<p>Le\u00a0<strong><a href=\"http:\/\/www.biolase.com\/Pages\/Welcome.html\" target=\"_blank\" rel=\"noopener\">BIOLASE\u2122<\/a><\/strong>\u00a0est un instrument laser de marque. Il est utilis\u00e9 pour des proc\u00e9dures sur les tissus mous, la plastie gingivale, la fr\u00e9nectomie (ablation des tissus buccaux anormaux), les biopsies, et les implants. Cette technologie laser \u00e9limine la n\u00e9cessit\u00e9 d'une anesth\u00e9sie avant la proc\u00e9dure dentaire et permet un traitement s\u00fbr, pr\u00e9cis et peu effractif, ainsi qu'une gu\u00e9rison rapide.<\/p>\n<p>Les\u00a0<strong><a href=\"http:\/\/www.lumineers.com\/\" target=\"_blank\" rel=\"noopener\">LUMINEERS\u00ae<\/a>\u00a0<\/strong>sont des facettes ultra minces pos\u00e9es de fa\u00e7on homog\u00e8ne sur les dents existantes en deux simples s\u00e9ances.Contrairement aux facettes classiques, les Lumineers sont si minces que la r\u00e9duction dentaire est g\u00e9n\u00e9ralement inutile, tout comme la roulette et l\u2019anesth\u00e9sie. C\u2019est donc un traitement pratiquement sans douleur \u2013 et vous n\u2019aurez pas \u00e0 porter de facettes temporaires disgracieuses en acrylique. Tr\u00e8s r\u00e9sistantes, les Lumineers peuvent durer jusqu\u2019\u00e0 20\u00a0ans.<\/p>\n<p><strong><a href=\"http:\/\/www.cereconline.com\/\" target=\"_blank\" rel=\"noopener\">CEREC \u2013 3D<\/a><\/strong><br \/>\nLa CEREC (Restauration \u00e9conomique au fauteuil de c\u00e9ramique esth\u00e9tique) permet d\u2019effectuer des traitements de restauration dentaire en une seule s\u00e9ance. D\u2019abord utilis\u00e9e en Allemagne, cette technique utilise plusieurs technologies assist\u00e9es par ordinateur, dont la photo 3D et la CFAO pour pr\u00e9parer les couronnes, les facettes, les incrustations \u00e0 recouvrement et en profondeur, au moyen de divers types de mat\u00e9riaux de c\u00e9ramique. Consultez notre personnel pour savoir si ce traitement vous convient.<\/p>\n<p><strong>RADIOGRAPHIE NUM\u00c9RIQUE SCAN-X<\/strong><br \/>\nCette technologie dernier cri est une solution radiographique rapide et efficace qui r\u00e9duit l'exposition \u00e0 la radiation. Gr\u00e2ce \u00e0 des plaques d'imagerie minces, souples et sans fil, elle assure le confort de tous nos patients \u2013 de l'enfance \u00e0 l'\u00e2ge d'or.<\/p>\n<p><strong>M\u00c9THODE D\u2019INJECTION SANS DOULEUR DENTALVIBE\u00ae<\/strong><br \/>\nLes piq\u00fbres ne doivent pas toujours faire mal! Ce simple appareil qui vibre doucement contre les tissus buccaux bloque la douleur des injections intraorales.<\/p>\n<p><strong>MATRICE R\u00c9G\u00c9N\u00c9RATRICE (MR)\u00a0<a href=\"http:\/\/www.lifecellcorp.ca\/\" target=\"_blank\" rel=\"noopener\">ALLODERM\u00ae<\/a>\u00a0<\/strong><br \/>\nLa MR AlloDerm<strong>\u00ae<\/strong>\u00a0aide \u00e0 la r\u00e9g\u00e9n\u00e9ration des tissus pour une r\u00e9paration solide et naturelle. Elle sert \u00e0 recouvrir les racines et \u00e0 reconstituer les gencives, la cr\u00eate alv\u00e9olaire ainsi que les tissus mous autour des implants. AlloDerm<strong>\u00ae<\/strong>\u00a0restaure votre sourire sans pr\u00e9l\u00e8vement de tissu de votre palais.<\/p>\n<p><strong><a href=\"http:\/\/www.leddental.com\/\" target=\"_blank\" rel=\"noopener\">VELSCOPE<\/a><\/strong>\u00a0(Visually Enhanced Lesion Scope)<br \/>\nLe Velscope est un instrument de d\u00e9pistage qui se sert d\u2019une technologie de visualisation par fluorescence pour d\u00e9tecter les anomalies et les maladies buccales au cours d\u2019un examen bucco-dentaire. S\u00fbre, indolore et rapide, cette proc\u00e9dure ne prend que quelques minutes et pourrait vous sauver la vie.<\/p>\n<\/div><\/div><\/div><\/div><\/div><\/section>","protected":false},"excerpt":{"rendered":"","protected":false},"author":1,"featured_media":0,"parent":0,"menu_order":0,"comment_status":"closed","ping_status":"closed","template":"page-fullwidth.php","meta":{"footnotes":""},"class_list":["post-2047","page","type-page","status-publish","hentry"],"aioseo_notices":[],"_links":{"self":[{"href":"https:\/\/cliniquedentairestleonard.ca\/fr\/wp-json\/wp\/v2\/pages\/2047","targetHints":{"allow":["GET"]}}],"collection":[{"href":"https:\/\/cliniquedentairestleonard.ca\/fr\/wp-json\/wp\/v2\/pages"}],"about":[{"href":"https:\/\/cliniquedentairestleonard.ca\/fr\/wp-json\/wp\/v2\/types\/page"}],"author":[{"embeddable":true,"href":"https:\/\/cliniquedentairestleonard.ca\/fr\/wp-json\/wp\/v2\/users\/1"}],"replies":[{"embeddable":true,"href":"https:\/\/cliniquedentairestleonard.ca\/fr\/wp-json\/wp\/v2\/comments?post=2047"}],"version-history":[{"count":9,"href":"https:\/\/cliniquedentairestleonard.ca\/fr\/wp-json\/wp\/v2\/pages\/2047\/revisions"}],"predecessor-version":[{"id":2189,"href":"https:\/\/cliniquedentairestleonard.ca\/fr\/wp-json\/wp\/v2\/pages\/2047\/revisions\/2189"}],"wp:attachment":[{"href":"https:\/\/cliniquedentairestleonard.ca\/fr\/wp-json\/wp\/v2\/media?parent=2047"}],"curies":[{"name":"wp","href":"https:\/\/api.w.org\/{rel}","templated":true}]}}