{"id":1797,"date":"2011-07-14T19:45:29","date_gmt":"2011-07-14T19:45:29","guid":{"rendered":"http:\/\/cliniquedentairestleonard.ca\/newsite\/about\/"},"modified":"2019-07-31T22:55:13","modified_gmt":"2019-08-01T02:55:13","slug":"about-us","status":"publish","type":"page","link":"https:\/\/cliniquedentairestleonard.ca\/it\/chi-siamo\/","title":{"rendered":"Chi siamo"},"content":{"rendered":"<section class=\"kc-elm kc-css-515110 kc_row\"><div class=\"kc-row-container  kc-container\"><div class=\"kc-wrap-columns\"><div class=\"kc-elm kc-css-854459 kc_col-sm-5 kc_column kc_col-sm-5\"><div class=\"kc-col-container\"><div class=\"kc-elm kc-css-607325 kc_shortcode kc_single_image\">\n\n        <img decoding=\"async\" src=\"https:\/\/cliniquedentairestleonard.ca\/wp-content\/uploads\/2018\/10\/Depositphotos_4850440_original.jpg\" class=\"\" alt=\"\" \/>    <\/div>\n<\/div><\/div><div class=\"kc-elm kc-css-867250 kc_col-sm-7 kc_column kc_col-sm-7\"><div class=\"kc-col-container\"><div class=\"kc-elm kc-css-564673 kc_text_block\"><p>Fondato nel 1995 dal dott. Franco Mignacca, DDS, la Clinique Dentaire Saint-L\u00e9onard offre trattamenti odontoiatrici completi in un ambiente accogliente, professionale e attento alle esigenze del cliente.<\/p>\n<p>Lo staff della Clinique Dentaire Saint-L\u00e9onard ha l&#039;esperienza, la competenza e la tecnologia odontoiatrica necessarie per prendersi cura del cavo orale e delle esigenze estetiche dei nostri pazienti, da interventi di semplice cosmesi fino a trattamenti pi\u00f9 complessi, come ad esempio la sostituzione di denti. I nostri servizi includono lo sbiancamento dentale, corone e impianti dentali, ponti, protesi (fisse o mobili), trattamenti gengivali, estrazioni e trattamenti del canale radicolare. Il nostro <a href=\"staff-odontoiatrico\">staff<\/a> di dentisti, igienisti dentali, assistenti, consulenti, e odontotecnici presenti in sede, \u00e8 al passo con i tempi per quanto riguarda le tecniche pi\u00f9 recenti e i progressi tecnologici nel campo dell&#039;odontoiatria grazie a continui corsi di aggiornamento professionale che avvengono sia nello studio stesso che in altre sedi. La nostra reputazione mira alla perfezione ed \u00e8 confermata dalla lealt\u00e0 dimostrataci dai nostri clienti.<\/p>\n<p>Il nostro studio utilizza solo attrezzature ultra-moderne e i metodi di sterilizzazione pi\u00f9 avanzati e sicuri e questo ci permette di assicurare ai nostri clienti diagnosi precise, una migliore sicurezza, trattamenti veloci e risultati che durano nel tempo. Per qualsiasi intervento, odontoiatrico o estetico, ci avvaliamo esclusivamente di prodotti di marca.<\/p>\n<p>Una buona igiene orale inizia in tenera et\u00e0 e continua per tutta la vita. I professionisti della Clinique Dentaire Saint-L\u00e9onard sono lieti di curare pazienti di tutte le et\u00e0. Grazie al nostro orario di lavoro prolungato \u00e8 facile prendere appuntamento.<\/p>\n<\/div><\/div><\/div><\/div><\/div><\/section>","protected":false},"excerpt":{"rendered":"","protected":false},"author":1,"featured_media":0,"parent":0,"menu_order":1,"comment_status":"open","ping_status":"open","template":"page-fullwidth.php","meta":{"footnotes":""},"class_list":["post-1797","page","type-page","status-publish","hentry"],"aioseo_notices":[],"_links":{"self":[{"href":"https:\/\/cliniquedentairestleonard.ca\/it\/wp-json\/wp\/v2\/pages\/1797","targetHints":{"allow":["GET"]}}],"collection":[{"href":"https:\/\/cliniquedentairestleonard.ca\/it\/wp-json\/wp\/v2\/pages"}],"about":[{"href":"https:\/\/cliniquedentairestleonard.ca\/it\/wp-json\/wp\/v2\/types\/page"}],"author":[{"embeddable":true,"href":"https:\/\/cliniquedentairestleonard.ca\/it\/wp-json\/wp\/v2\/users\/1"}],"replies":[{"embeddable":true,"href":"https:\/\/cliniquedentairestleonard.ca\/it\/wp-json\/wp\/v2\/comments?post=1797"}],"version-history":[{"count":10,"href":"https:\/\/cliniquedentairestleonard.ca\/it\/wp-json\/wp\/v2\/pages\/1797\/revisions"}],"predecessor-version":[{"id":2199,"href":"https:\/\/cliniquedentairestleonard.ca\/it\/wp-json\/wp\/v2\/pages\/1797\/revisions\/2199"}],"wp:attachment":[{"href":"https:\/\/cliniquedentairestleonard.ca\/it\/wp-json\/wp\/v2\/media?parent=1797"}],"curies":[{"name":"wp","href":"https:\/\/api.w.org\/{rel}","templated":true}]}}