{"id":203,"date":"2011-09-14T09:45:02","date_gmt":"2011-09-14T09:45:02","guid":{"rendered":"http:\/\/cliniquedentairestleonard.ca\/newsite\/"},"modified":"2026-04-08T10:22:16","modified_gmt":"2026-04-08T14:22:16","slug":"home","status":"publish","type":"page","link":"https:\/\/cliniquedentairestleonard.ca\/it\/","title":{"rendered":"Casa"},"content":{"rendered":"<section class=\"kc-elm kc-css-644655 kc_row\"><div class=\"kc-row-container  kc-container\"><div class=\"kc-wrap-columns\"><div class=\"kc-elm kc-css-166607 kc_col-sm-12 kc_column kc_col-sm-12\"><div class=\"kc-col-container\"><div class=\"kc-elm kc-css-721452 kc_text_block\"><h1 style=\"text-align: center;\">Benvenuti alla Clinique Dentaire Saint-L\u00e9onard<\/h1>\n<p style=\"text-align: center;\">Ogni sorriso nasce da una bocca sana! Alla Clinique Dentaire Saint-L\u00e9onard crediamo che un&#039; ottima salute del cavo orale rispecchi la buona salute e il benessere di tutto il corpo. Recarsi dal dentista con regolarit\u00e0 aiuta a prevenire l&#039;insorgere di problemi, evitando cos\u00ec dolori inutili e costosi trattamenti odontoiatrici in futuro.<\/p>\n<p style=\"text-align: center;\">All&#039;insorgere di problemi dentali, la Clinique Dentaire Saint-L\u00e9onard fornir\u00e0 le cure odontoiatriche necessarie per ripristinare la salute della bocca e la luminosit\u00e0 del sorriso. Il nostro approccio mira alla riabilitazione completa del cavo orale e si concentra appunto sull&#039;intera bocca invece che isolare e trattare il singolo problema. Ci affidiamo alla pi\u00f9 recente tecnologia garantendo i risultati desiderati e la soddisfazione del paziente. Questo significa offrire un trattamento allo stesso tempo efficace e meno costoso nel tempo.<\/p>\n<p style=\"text-align: center;\">Se state cercando un dentista affidabile per le vostre visite regolari o se avete bisogno di cure immediate, la Clinique Dentaire Saint-L\u00e9onard \u00e8 a vostra disposizione per offrirvi il trattamento odontoiatrico di cui necessitate. Il nostro staff \u00e8 attento alle esigenze dei nostri pazienti e il nostro ambiente accogliente elimina l&#039;ansia che si crea quando si deve andare dal dentista.<\/p>\n<\/div><\/div><\/div><\/div><\/div><\/section><section class=\"kc-elm kc-css-571266 kc_row\"><div class=\"kc-row-container  kc-container\"><div class=\"kc-wrap-columns\"><div class=\"kc-elm kc-css-702244 kc_col-sm-6 kc_column kc_col-sm-6\"><div class=\"kc-col-container\"><div class=\"kc-elm kc-css-110651 kc_text_block\"><h2 style=\"text-align: center;\">Missione<\/h2>\n<div class=\"service-box_txt\" style=\"outline: 0px; max-width: 100%; line-height: normal; font-family: -apple-system, BlinkMacSystemFont, &#039;Segoe UI&#039;, Roboto, Oxygen-Sans, Ubuntu, Cantarell, &#039;Helvetica Neue&#039;, sans-serif; font-size: 14px;\">\n<p style=\"font-size: 14px; line-height: normal; margin: 1em 0px; max-width: 100%; text-align: center;\">Il nostro obiettivo \u00e8 fornire ai nostri pazienti le cure odontoiatriche necessarie e assicurarci che i denti e le gengive continuino a essere belli e sani. I nostri pazienti ricevono tutte le informazioni necessarie per poter fare la giusta scelta tra le varie opzioni di trattamenti dentali disponibili.<\/p>\n<\/div>\n<\/div><\/div><\/div><div class=\"kc-elm kc-css-5914 kc_col-sm-6 kc_column kc_col-sm-6\"><div class=\"kc-col-container\"><div class=\"kc-elm kc-css-117558 kc_text_block\"><h2 class=\"title\" style=\"text-align: center;\">DentoPlan<\/h2>\n<div class=\"service-box_txt\" style=\"outline: 0px; max-width: 100%; line-height: normal; font-family: -apple-system, BlinkMacSystemFont, &#039;Segoe UI&#039;, Roboto, Oxygen-Sans, Ubuntu, Cantarell, &#039;Helvetica Neue&#039;, sans-serif; font-size: 14px;\">\n<p style=\"font-size: 14px; line-height: normal; margin: 1em 0px; max-width: 100%; text-align: center;\">Alcuni interventi odontoiatrici possono essere costosi e non possono essere rinviati senza il rischio di gravi conseguenze per la salute. La Clinique Dentaire Saint-L\u00e9onard pu\u00f2 aiutare ad alleviare lo stress causato dall&#039;aspetto finanziario di questi interventi strutturando un piano finanziario a seconda delle esigenze specifiche di ciascun cliente. Per saperne di pi\u00f9 cliccate\u00a0<a href=\"http:\/\/www.dentoplan.ca\/\" target=\"_blank\" rel=\"noopener\">qui<\/a>.<\/p>\n<\/div>\n<\/div><\/div><\/div><\/div><\/div><\/section><section class=\"kc-elm kc-css-312582 kc_row\"><div class=\"kc-row-container  kc-container\"><div class=\"kc-wrap-columns\"><div class=\"kc-elm kc-css-174283 kc_col-sm-12 kc_column kc_col-sm-12\"><div class=\"kc-col-container\"><div class=\"kc-elm kc-css-817398 kc_text_block\"><h2 style=\"text-align: center;\">I nostri dentisti<\/h2>\n<\/div><\/div><\/div><\/div><\/div><\/section><section class=\"kc-elm kc-css-866015 kc_row\"><div class=\"kc-row-container  kc-container\"><div class=\"kc-wrap-columns\"><div class=\"kc-elm kc-css-512669 kc_col-sm-6 kc_column kc_col-sm-6\"><div class=\"kc-col-container\"><div class=\"kc-elm kc-css-71293 kc_shortcode kc_single_image\">\n\n        <img decoding=\"async\" src=\"https:\/\/cliniquedentairestleonard.ca\/wp-content\/uploads\/2019\/07\/dr-franco-mignacca-dds.jpg\" class=\"\" alt=\"\" \/>    <\/div>\n<div class=\"kc-elm kc-css-909981 kc_text_block\"><h5 style=\"text-align: center;\">Dr Franco Mignacca DDS<\/h5>\n<\/div><\/div><\/div><div class=\"kc-elm kc-css-981250 kc_col-sm-6 kc_column kc_col-sm-6\"><div class=\"kc-col-container\"><div class=\"kc-elm kc-css-675288 kc_shortcode kc_single_image\">\n\n        <img decoding=\"async\" src=\"https:\/\/cliniquedentairestleonard.ca\/wp-content\/uploads\/2019\/07\/Nazo_0054.jpg\" class=\"\" alt=\"\" \/>    <\/div>\n<div class=\"kc-elm kc-css-60128 kc_text_block\"><h5 style=\"text-align: center;\">Dr Joseph Scalia \u2013 DMD<\/h5>\n<\/div><\/div><\/div><\/div><\/div><\/section>","protected":false},"excerpt":{"rendered":"","protected":false},"author":1,"featured_media":0,"parent":0,"menu_order":0,"comment_status":"open","ping_status":"closed","template":"","meta":{"footnotes":""},"class_list":["post-203","page","type-page","status-publish","hentry"],"aioseo_notices":[],"_links":{"self":[{"href":"https:\/\/cliniquedentairestleonard.ca\/it\/wp-json\/wp\/v2\/pages\/203","targetHints":{"allow":["GET"]}}],"collection":[{"href":"https:\/\/cliniquedentairestleonard.ca\/it\/wp-json\/wp\/v2\/pages"}],"about":[{"href":"https:\/\/cliniquedentairestleonard.ca\/it\/wp-json\/wp\/v2\/types\/page"}],"author":[{"embeddable":true,"href":"https:\/\/cliniquedentairestleonard.ca\/it\/wp-json\/wp\/v2\/users\/1"}],"replies":[{"embeddable":true,"href":"https:\/\/cliniquedentairestleonard.ca\/it\/wp-json\/wp\/v2\/comments?post=203"}],"version-history":[{"count":44,"href":"https:\/\/cliniquedentairestleonard.ca\/it\/wp-json\/wp\/v2\/pages\/203\/revisions"}],"predecessor-version":[{"id":21057,"href":"https:\/\/cliniquedentairestleonard.ca\/it\/wp-json\/wp\/v2\/pages\/203\/revisions\/21057"}],"wp:attachment":[{"href":"https:\/\/cliniquedentairestleonard.ca\/it\/wp-json\/wp\/v2\/media?parent=203"}],"curies":[{"name":"wp","href":"https:\/\/api.w.org\/{rel}","templated":true}]}}