{"id":2047,"date":"2019-07-21T09:24:19","date_gmt":"2019-07-21T13:24:19","guid":{"rendered":"http:\/\/cliniquedentairestleonard.ca\/newsite\/?page_id=2047"},"modified":"2019-07-31T22:27:17","modified_gmt":"2019-08-01T02:27:17","slug":"technologies","status":"publish","type":"page","link":"https:\/\/cliniquedentairestleonard.ca\/it\/tecnologie\/","title":{"rendered":"Tecnologie"},"content":{"rendered":"<section class=\"kc-elm kc-css-783658 kc_row\"><div class=\"kc-row-container  kc-container\"><div class=\"kc-wrap-columns\"><div class=\"kc-elm kc-css-350797 kc_col-sm-5 kc_column kc_col-sm-5\"><div class=\"kc-col-container\"><div class=\"kc-elm kc-css-612083 kc_shortcode kc_single_image\">\n\n        <img decoding=\"async\" src=\"https:\/\/cliniquedentairestleonard.ca\/wp-content\/uploads\/2018\/10\/Depositphotos_4850440_original.jpg\" class=\"\" alt=\"\" \/>    <\/div>\n<\/div><\/div><div class=\"kc-elm kc-css-670576 kc_col-sm-7 kc_column kc_col-sm-7\"><div class=\"kc-col-container\"><div class=\"kc-elm kc-css-21523 kc_text_block\"><p>Alla Clinique Dentaire Saint-L\u00e9onard usiamo le tecnologie e i trattamenti odontoiatrici pi\u00f9 all\u2019avanguardia per assicurarci che i nostri pazienti si sentano a loro agio, sicuri e che rimangano soddisfatti. Il nostro scopo \u00e8 migliorare la diagnostica, ridurre la lunghezza dei trattamenti e assicurare i migliori risultati medici ed estetici.<\/p>\n<p>Il<strong>\u00a0<a href=\"http:\/\/www.biolase.com\/Pages\/Welcome.html\" target=\"_blank\" rel=\"noopener\">BIOLASE\u2122<\/a><\/strong>\u00a0\u00e8 uno strumento laser dal marchio registrato sviluppato per l&#039;utilizzo in trattamenti dei tessuti molli, il rimodellamento gengivale, le frenulectomie (rimozione di tessuto orale supplementare), le biopsie, e gli impianti dentali. Si tratta di una tecnologia laser che elimina la necessit\u00e0 di utilizzo dell&#039;anestetico prima di un intervento di odontoiatria, velocizza i tempi di trattamento e di guarigione, ed \u00e8 pi\u00f9 sicuro, pi\u00f9 preciso e meno invasivo.<\/p>\n<p>Le<strong>\u00a0<a href=\"http:\/\/www.lumineers.com\/\" target=\"_blank\" rel=\"noopener\">LUMINEERS\u00ae<\/a>\u00a0<\/strong>sono delle faccette sottilissime che vengono applicate senza giunture a denti esistenti in sole due sedute. A differenza delle faccette tradizionali, le faccette Lumineers sono cos\u00ec sottili che la riduzione\/smussatura del dente \u00e8 spesso superflua. Di solito non c\u2019\u00e8 bisogno di trapano o di anestetico e questo significa che non si sente dolore e non c\u2019\u00e8 nemmeno bisogno di antiestetici apparecchi provvisori in acrilico. Essendo molto resistenti, le faccette Lumineers possono durare fino a 20 anni.<\/p>\n<p><strong><a href=\"http:\/\/www.cereconline.com\/\" target=\"_blank\" rel=\"noopener\">CEREC \u2013 3D<\/a><\/strong><br \/>\nIl CEREC (Chairside Economical Restoration of Esthetic Ceramics) permette il trattamento del restauro dentale in una sola seduta. Questa tecnica, nata in Germania, usa una gamma di tecnologie computerizzate tra cui l\u2019immagine in 3D e la tecnica CAD\/CAM per preparare corone, faccette, intarsi, usando diversi tipi di materiale ceramico. Il nostro staff \u00e8 a disposizione per determinare se questa opzione \u00e8 adatta alle esigenze dei nostri clienti.<\/p>\n<p><strong>RADIOGRAFIA DIGITALE SCAN-X\u00a0<\/strong><br \/>\nQuesta tecnologia \u00e8 all&#039;avanguardia e rappresenta una soluzione veloce ed efficace per effettuare radiografie, e riduce l&#039;esposizione alle radiazioni. Le lastre risultano sottili, flessibili e senza fili e il benessere dei nostri pazienti \u00e8 assicurato, siano essi bambini, adulti o anziani.<\/p>\n<p><strong>METODO PER INIEZIONI SENZA DOLORE\u00a0<\/strong><strong>DENTALVIBE\u00ae<\/strong><br \/>\nLe iniezioni non devono per forza essere dolorose! L\u2019uso di DentalVibe\u00ae blocca il dolore delle iniezioni intraorali grazie all\u2019utilizzo di un semplice apparecchio che produce delle deboli vibrazioni una volta entrato in contatto con il tessuto orale.<\/p>\n<p><strong><a href=\"http:\/\/www.lifecellcorp.ca\/\" target=\"_blank\" rel=\"noopener\">ALLODERM\u00ae<\/a>\u00a0REGENERATIVE TISSUE MATRIX (RTM)<\/strong><br \/>\nL\u2019AlloDerm\u00ae viene utilizzato per la rigenerazione dei tessuti e aiuta a guarire in modo naturale e definitivo. Tra le sue applicazioni ricordiamo: la copertura della radice, l\u2019aumento delle gengive e dell\u2019orlo del tessuto molle e l\u2019aumento del tessuto molle attorno agli impianti. L\u2019AlloDerm\u00ae RTM ripristina il sorriso senza dover ricorrere alla rimozione di tessuto dal palato.<\/p>\n<p><strong><a href=\"http:\/\/www.leddental.com\/\" target=\"_blank\" rel=\"noopener\">VELSCOPE<\/a><\/strong>(Visually Enhanced Lesion Scope)<br \/>\nIl Velscope Visually Enhanced Lesion Scope) \u00e8 uno strumento per lo screening che viene usato durante la visita di controllo e che utilizza la tecnologia della visualizzazione fluorescente per rilevare anormalit\u00e0 e malattie orali. Si tratta di un esame sicuro, indolore e veloce; richiede solo pochi secondi e potrebbe salvare la vita di molti pazienti.<\/p>\n<\/div><\/div><\/div><\/div><\/div><\/section>","protected":false},"excerpt":{"rendered":"","protected":false},"author":1,"featured_media":0,"parent":0,"menu_order":0,"comment_status":"closed","ping_status":"closed","template":"page-fullwidth.php","meta":{"footnotes":""},"class_list":["post-2047","page","type-page","status-publish","hentry"],"aioseo_notices":[],"_links":{"self":[{"href":"https:\/\/cliniquedentairestleonard.ca\/it\/wp-json\/wp\/v2\/pages\/2047","targetHints":{"allow":["GET"]}}],"collection":[{"href":"https:\/\/cliniquedentairestleonard.ca\/it\/wp-json\/wp\/v2\/pages"}],"about":[{"href":"https:\/\/cliniquedentairestleonard.ca\/it\/wp-json\/wp\/v2\/types\/page"}],"author":[{"embeddable":true,"href":"https:\/\/cliniquedentairestleonard.ca\/it\/wp-json\/wp\/v2\/users\/1"}],"replies":[{"embeddable":true,"href":"https:\/\/cliniquedentairestleonard.ca\/it\/wp-json\/wp\/v2\/comments?post=2047"}],"version-history":[{"count":9,"href":"https:\/\/cliniquedentairestleonard.ca\/it\/wp-json\/wp\/v2\/pages\/2047\/revisions"}],"predecessor-version":[{"id":2189,"href":"https:\/\/cliniquedentairestleonard.ca\/it\/wp-json\/wp\/v2\/pages\/2047\/revisions\/2189"}],"wp:attachment":[{"href":"https:\/\/cliniquedentairestleonard.ca\/it\/wp-json\/wp\/v2\/media?parent=2047"}],"curies":[{"name":"wp","href":"https:\/\/api.w.org\/{rel}","templated":true}]}}